{"id":1173,"date":"2022-07-13T09:49:49","date_gmt":"2022-07-13T09:49:49","guid":{"rendered":"https:\/\/stoton.eu\/app\/?page_id=1173"},"modified":"2022-09-04T11:46:10","modified_gmt":"2022-09-04T11:46:10","slug":"contact-marketing","status":"publish","type":"page","link":"https:\/\/stoton.eu\/app\/pl\/contact-marketing\/","title":{"rendered":"Contact for Marketing &#038; Visual Department\u00b0\u00b0"},"content":{"rendered":"<div data-elementor-type=\"wp-page\" data-elementor-id=\"1173\" class=\"elementor elementor-1173\">\n\t\t\t\t\t\t<div class=\"elementor-inner\">\n\t\t\t\t<div class=\"elementor-section-wrap\">\n\t\t\t\t\t\t\t\t\t<section class=\"elementor-section elementor-top-section elementor-element elementor-element-fc4dd42 elementor-section-height-min-height elementor-section-boxed elementor-section-height-default elementor-section-items-middle\" data-id=\"fc4dd42\" data-element_type=\"section\" data-settings=\"{&quot;background_background&quot;:&quot;classic&quot;}\">\n\t\t\t\t\t\t\t<div class=\"elementor-background-overlay\"><\/div>\n\t\t\t\t\t\t\t<div class=\"elementor-container elementor-column-gap-default\">\n\t\t\t\t\t\t\t<div class=\"elementor-row\">\n\t\t\t\t\t<div class=\"elementor-column elementor-col-100 elementor-top-column elementor-element elementor-element-2b3571a9\" data-id=\"2b3571a9\" data-element_type=\"column\">\n\t\t\t<div class=\"elementor-column-wrap elementor-element-populated\">\n\t\t\t\t\t\t\t<div class=\"elementor-widget-wrap\">\n\t\t\t\t\t\t<div class=\"elementor-element elementor-element-2ff32da0 elementor-widget elementor-widget-spacer\" data-id=\"2ff32da0\" data-element_type=\"widget\" data-widget_type=\"spacer.default\">\n\t\t\t\t<div class=\"elementor-widget-container\">\n\t\t\t\t\t<div class=\"elementor-spacer\">\n\t\t\t<div class=\"elementor-spacer-inner\"><\/div>\n\t\t<\/div>\n\t\t\t\t<\/div>\n\t\t\t\t<\/div>\n\t\t\t\t<div class=\"elementor-element elementor-element-5a6a4886 elementor-view-default elementor-position-top elementor-invisible elementor-widget elementor-widget-themo-header\" data-id=\"5a6a4886\" data-element_type=\"widget\" data-settings=\"{&quot;_animation&quot;:&quot;fadeInDown&quot;}\" data-widget_type=\"themo-header.default\">\n\t\t\t\t<div class=\"elementor-widget-container\">\n\t\t\t\t\t<div class=\"th-header-wrap\">\n        <div class=\"elementor-icon-box-wrapper\">\n                            <div class=\"elementor-icon-box-content\">\n                    <h1 class=\"elementor-icon-box-title\">\n                        B\u0105d\u017amy w kontakcie                    <\/h1>\n                                        <p class=\"elementor-icon-box-description\">Ch\u0119tnie odpowiemy na wszystkie Twoje pytania<\/p>\n\n                                    <\/div>\n            <\/div>\n\n        <\/div>\n\n\t\t\t\t<\/div>\n\t\t\t\t<\/div>\n\t\t\t\t\t\t<\/div>\n\t\t\t\t\t<\/div>\n\t\t<\/div>\n\t\t\t\t\t\t\t\t<\/div>\n\t\t\t\t\t<\/div>\n\t\t<\/section>\n\t\t\t\t<section class=\"elementor-section elementor-top-section elementor-element elementor-element-489dad0 elementor-section-boxed elementor-section-height-default elementor-section-height-default\" data-id=\"489dad0\" data-element_type=\"section\" data-settings=\"{&quot;background_background&quot;:&quot;classic&quot;}\">\n\t\t\t\t\t\t<div class=\"elementor-container elementor-column-gap-extended\">\n\t\t\t\t\t\t\t<div class=\"elementor-row\">\n\t\t\t\t\t<div class=\"elementor-column elementor-col-50 elementor-top-column elementor-element elementor-element-4909ce11\" data-id=\"4909ce11\" data-element_type=\"column\">\n\t\t\t<div class=\"elementor-column-wrap elementor-element-populated\">\n\t\t\t\t\t\t\t<div class=\"elementor-widget-wrap\">\n\t\t\t\t\t\t<div class=\"elementor-element elementor-element-42f3ee93 elementor-position-left elementor-view-default elementor-invisible elementor-widget elementor-widget-themo-service-block\" data-id=\"42f3ee93\" data-element_type=\"widget\" data-settings=\"{&quot;_animation&quot;:&quot;fadeInUp&quot;}\" data-widget_type=\"themo-service-block.default\">\n\t\t\t\t<div class=\"elementor-widget-container\">\n\t\t\t\t\t<div class=\"th-service-block-w\">\n            <div class=\"elementor-icon-box-wrapper th-show-icon\">\n                                    <div class=\"elementor-icon-box-icon th-icon-size-sm\">\n                        <span class=\"elementor-icon\" >\n                            <i aria-hidden=\"true\" class=\"fasth-linea icon-basic-smartphone\"><\/i>                        <\/span>\n                    <\/div>\n                                <div class=\"elementor-icon-box-content\">\n                    <h4 class=\"elementor-icon-box-title\">\n                        <span >+48 691 382 146<\/span>\n                    <\/h4>\n                    <p class=\"elementor-icon-box-description\"><\/p>\n                <\/div>\n            <\/div>\n\n        <\/div>\n\n\t\t\t\t<\/div>\n\t\t\t\t<\/div>\n\t\t\t\t<div class=\"elementor-element elementor-element-590c027d elementor-widget elementor-widget-spacer\" data-id=\"590c027d\" data-element_type=\"widget\" data-widget_type=\"spacer.default\">\n\t\t\t\t<div class=\"elementor-widget-container\">\n\t\t\t\t\t<div class=\"elementor-spacer\">\n\t\t\t<div class=\"elementor-spacer-inner\"><\/div>\n\t\t<\/div>\n\t\t\t\t<\/div>\n\t\t\t\t<\/div>\n\t\t\t\t<div class=\"elementor-element elementor-element-5093c249 elementor-position-left elementor-view-default elementor-invisible elementor-widget elementor-widget-themo-service-block\" data-id=\"5093c249\" data-element_type=\"widget\" data-settings=\"{&quot;_animation&quot;:&quot;fadeInUp&quot;}\" data-widget_type=\"themo-service-block.default\">\n\t\t\t\t<div class=\"elementor-widget-container\">\n\t\t\t\t\t<div class=\"th-service-block-w\">\n            <div class=\"elementor-icon-box-wrapper th-show-icon\">\n                                    <div class=\"elementor-icon-box-icon th-icon-size-sm\">\n                        <span class=\"elementor-icon\" >\n                            <i aria-hidden=\"true\" class=\"fasth-linea icon-basic-mail\"><\/i>                        <\/span>\n                    <\/div>\n                                <div class=\"elementor-icon-box-content\">\n                    <h4 class=\"elementor-icon-box-title\">\n                        <span >kontakt@stoton.pl<\/span>\n                    <\/h4>\n                    <p class=\"elementor-icon-box-description\"><\/p>\n                <\/div>\n            <\/div>\n\n        <\/div>\n\n\t\t\t\t<\/div>\n\t\t\t\t<\/div>\n\t\t\t\t<div class=\"elementor-element elementor-element-4bf940f2 elementor-widget elementor-widget-spacer\" data-id=\"4bf940f2\" data-element_type=\"widget\" data-widget_type=\"spacer.default\">\n\t\t\t\t<div class=\"elementor-widget-container\">\n\t\t\t\t\t<div class=\"elementor-spacer\">\n\t\t\t<div class=\"elementor-spacer-inner\"><\/div>\n\t\t<\/div>\n\t\t\t\t<\/div>\n\t\t\t\t<\/div>\n\t\t\t\t<div class=\"elementor-element elementor-element-54591315 elementor-position-left elementor-view-default elementor-invisible elementor-widget elementor-widget-themo-service-block\" data-id=\"54591315\" data-element_type=\"widget\" data-settings=\"{&quot;_animation&quot;:&quot;fadeInUp&quot;,&quot;_animation_delay&quot;:50}\" data-widget_type=\"themo-service-block.default\">\n\t\t\t\t<div class=\"elementor-widget-container\">\n\t\t\t\t\t<div class=\"th-service-block-w\">\n            <div class=\"elementor-icon-box-wrapper th-show-icon\">\n                                    <div class=\"elementor-icon-box-icon th-icon-size-sm\">\n                        <span class=\"elementor-icon\" >\n                            <i aria-hidden=\"true\" class=\"fasth-trip travelpack-location-pin-1\"><\/i>                        <\/span>\n                    <\/div>\n                                <div class=\"elementor-icon-box-content\">\n                    <h4 class=\"elementor-icon-box-title\">\n                        <span >Biuro<\/span>\n                    <\/h4>\n                    <p class=\"elementor-icon-box-description\">ul. Piekary 22,<br> 61-823 Pozna\u0144,<br> Polska<\/p>\n                <\/div>\n            <\/div>\n\n        <\/div>\n\n\t\t\t\t<\/div>\n\t\t\t\t<\/div>\n\t\t\t\t\t\t<\/div>\n\t\t\t\t\t<\/div>\n\t\t<\/div>\n\t\t\t\t<div class=\"elementor-column elementor-col-50 elementor-top-column elementor-element elementor-element-104f0d96\" data-id=\"104f0d96\" data-element_type=\"column\" data-settings=\"{&quot;background_background&quot;:&quot;classic&quot;}\">\n\t\t\t<div class=\"elementor-column-wrap elementor-element-populated\">\n\t\t\t\t\t\t\t<div class=\"elementor-widget-wrap\">\n\t\t\t\t\t\t<div class=\"elementor-element elementor-element-52395c09 elementor-widget elementor-widget-heading\" data-id=\"52395c09\" data-element_type=\"widget\" data-widget_type=\"heading.default\">\n\t\t\t\t<div class=\"elementor-widget-container\">\n\t\t\t<h3 class=\"elementor-heading-title elementor-size-default\">Zapytaj o wycen\u0119 lub zostaw nam wiadomo\u015b\u0107<\/h3>\t\t<\/div>\n\t\t\t\t<\/div>\n\t\t\t\t<div class=\"elementor-element elementor-element-82d6ac0 elementor-widget elementor-widget-heading\" data-id=\"82d6ac0\" data-element_type=\"widget\" data-widget_type=\"heading.default\">\n\t\t\t\t<div class=\"elementor-widget-container\">\n\t\t\t<h2 class=\"elementor-heading-title elementor-size-default\">Zazwyczaj odpowiadamy w przeci\u0105gu 30 minut.<\/h2>\t\t<\/div>\n\t\t\t\t<\/div>\n\t\t\t\t<div class=\"elementor-element elementor-element-74e2d2c elementor-widget elementor-widget-shortcode\" data-id=\"74e2d2c\" data-element_type=\"widget\" data-widget_type=\"shortcode.default\">\n\t\t\t\t<div class=\"elementor-widget-container\">\n\t\t\t\t\t<div class=\"elementor-shortcode\"><div class=\"frm_forms  with_frm_style frm_style_formidable-style\" id=\"frm_form_10_container\" >\n<form enctype=\"multipart\/form-data\" method=\"post\" class=\"frm-show-form  frm_js_validate\" id=\"form_contact-marketing\" action=\"\"  >\n<div class=\"frm_form_fields\">\n<fieldset>\n<legend class=\"frm_screen_reader\"><\/legend>\r\n\r\n<div class=\"frm_fields_container\">\n<input type=\"hidden\" name=\"frm_action\" value=\"create\" \/>\n<input type=\"hidden\" name=\"form_id\" value=\"10\" \/>\n<input type=\"hidden\" name=\"frm_hide_fields_10\" id=\"frm_hide_fields_10\" value=\"\" \/>\n<input type=\"hidden\" name=\"form_key\" value=\"contact-marketing\" \/>\n<input type=\"hidden\" name=\"item_meta[0]\" value=\"\" \/>\n<input type=\"hidden\" id=\"frm_submit_entry_10\" name=\"frm_submit_entry_10\" value=\"7cf2a0acda\" \/><input type=\"hidden\" name=\"_wp_http_referer\" value=\"\/app\/pl\/wp-json\/wp\/v2\/pages\/1173\" \/><div id=\"frm_field_46_container\" class=\"frm_form_field form-field  frm_required_field frm_top_container frm_first frm_half\">\r\n    <label for=\"field_qh4icy2\" id=\"field_qh4icy2_label\" class=\"frm_primary_label\">Jak si\u0119 nazywasz?\r\n        <span class=\"frm_required\" aria-hidden=\"true\">*<\/span>\r\n    <\/label>\r\n    <input type=\"text\" id=\"field_qh4icy2\" name=\"item_meta[46]\" value=\"\"  placeholder=\"Jan\" data-reqmsg=\"Sorry, I didn&#039;t hear your name. Could you please repeat?\" aria-required=\"true\" data-invmsg=\"Name is invalid\" aria-invalid=\"false\"  \/>\r\n    \r\n    \r\n<\/div>\n<div id=\"frm_field_47_container\" class=\"frm_form_field form-field  frm_required_field frm_hidden_container frm_half\">\r\n    <label for=\"field_ocfup12\" id=\"field_ocfup12_label\" class=\"frm_primary_label\">Nazwisko\r\n        <span class=\"frm_required\" aria-hidden=\"true\">*<\/span>\r\n    <\/label>\r\n    <input type=\"text\" id=\"field_ocfup12\" name=\"item_meta[47]\" value=\"\"  placeholder=\"Kowalski\" data-reqmsg=\"We&#039;ll need your last name, if that&#039;s not a problem.\" aria-required=\"true\" data-invmsg=\"Last is invalid\" aria-invalid=\"false\"  \/>\r\n    \r\n    \r\n<\/div>\n<div id=\"frm_field_48_container\" class=\"frm_form_field form-field  frm_top_container\">\r\n    <label for=\"field_qkrje2\" id=\"field_qkrje2_label\" class=\"frm_primary_label\">Numer telefonu\r\n        <span class=\"frm_required\" aria-hidden=\"true\"><\/span>\r\n    <\/label>\r\n    <input type=\"tel\" id=\"field_qkrje2\" name=\"item_meta[48]\" value=\"\"  data-invmsg=\"Are you sure this is the right number?\" aria-invalid=\"false\" pattern=\"((\\+\\d{1,3}(-|.| )?\\(?\\d\\)?(-| |.)?\\d{1,5})|(\\(?\\d{2,6}\\)?))(-|.| )?(\\d{3,4})(-|.| )?(\\d{4})(( x| ext)\\d{1,5}){0,1}$\"  \/>\r\n    \r\n    \r\n<\/div>\n<div id=\"frm_field_49_container\" class=\"frm_form_field form-field  frm_required_field frm_top_container frm_full\">\r\n    <label for=\"field_29yf4d4\" id=\"field_29yf4d4_label\" class=\"frm_primary_label\">Podaj adres e-mail\r\n        <span class=\"frm_required\" aria-hidden=\"true\">*<\/span>\r\n    <\/label>\r\n    <input type=\"email\" id=\"field_29yf4d4\" name=\"item_meta[49]\" value=\"\"  data-reqmsg=\"Are you cool with leaving us your e-mail before you send this form?\" aria-required=\"true\" data-invmsg=\"There seems to be something wrong with your e-mail though.\" aria-invalid=\"false\"  \/>\r\n    \r\n    \r\n<\/div>\n<div id=\"frm_field_50_container\" class=\"frm_form_field form-field  frm_required_field frm_top_container vertical_radio\">\r\n    <div  id=\"field_8xgtd2_label\" class=\"frm_primary_label\">Co chcesz om\u00f3wi\u0107?\r\n        <span class=\"frm_required\" aria-hidden=\"true\">*<\/span>\r\n    <\/div>\r\n    <div class=\"frm_opt_container\" aria-labelledby=\"field_8xgtd2_label\" role=\"group\">\t\t<div class=\"frm_checkbox\" id=\"frm_checkbox_50-0\"><label for=\"field_8xgtd2-0\"><input type=\"checkbox\" name=\"item_meta[50][]\" id=\"field_8xgtd2-0\" value=\"Branding\"  data-reqmsg=\"We need to know what you want to talk about to handle your request swiftly.\" aria-required=\"true\" data-invmsg=\"What would you like to discuss? is invalid\" aria-invalid=\"false\"   \/> Branding<\/label><\/div>\n\t\t<div class=\"frm_checkbox\" id=\"frm_checkbox_50-1\"><label for=\"field_8xgtd2-1\"><input type=\"checkbox\" name=\"item_meta[50][]\" id=\"field_8xgtd2-1\" value=\"Employer branding\"  data-reqmsg=\"We need to know what you want to talk about to handle your request swiftly.\" aria-required=\"true\" data-invmsg=\"What would you like to discuss? is invalid\" aria-invalid=\"false\"   \/> Promowanie pracodawcy<\/label><\/div>\n\t\t<div class=\"frm_checkbox\" id=\"frm_checkbox_50-5\"><label for=\"field_8xgtd2-5\"><input type=\"checkbox\" name=\"item_meta[50][]\" id=\"field_8xgtd2-5\" value=\"Events\"  data-reqmsg=\"We need to know what you want to talk about to handle your request swiftly.\" aria-required=\"true\" data-invmsg=\"What would you like to discuss? is invalid\" aria-invalid=\"false\"   \/> Wydarzenia<\/label><\/div>\n\t\t<div class=\"frm_checkbox\" id=\"frm_checkbox_50-4\"><label for=\"field_8xgtd2-4\"><input type=\"checkbox\" name=\"item_meta[50][]\" id=\"field_8xgtd2-4\" value=\"Digital marketing (website, apps)\"  data-reqmsg=\"We need to know what you want to talk about to handle your request swiftly.\" aria-required=\"true\" data-invmsg=\"What would you like to discuss? is invalid\" aria-invalid=\"false\"   \/> Digital marketing (website, apps)<\/label><\/div>\n\t\t<div class=\"frm_checkbox\" id=\"frm_checkbox_50-6\"><label for=\"field_8xgtd2-6\"><input type=\"checkbox\" name=\"item_meta[50][]\" id=\"field_8xgtd2-6\" value=\"Media buying\"  data-reqmsg=\"We need to know what you want to talk about to handle your request swiftly.\" aria-required=\"true\" data-invmsg=\"What would you like to discuss? is invalid\" aria-invalid=\"false\"   \/> Wykup medi\u00f3w<\/label><\/div>\n\t\t<div class=\"frm_checkbox\" id=\"frm_checkbox_50-2\"><label for=\"field_8xgtd2-2\"><input type=\"checkbox\" name=\"item_meta[50][]\" id=\"field_8xgtd2-2\" value=\"Print\"  data-reqmsg=\"We need to know what you want to talk about to handle your request swiftly.\" aria-required=\"true\" data-invmsg=\"What would you like to discuss? is invalid\" aria-invalid=\"false\"   \/> Druk<\/label><\/div>\n\t\t<div class=\"frm_checkbox\" id=\"frm_checkbox_50-7\"><label for=\"field_8xgtd2-7\"><input type=\"checkbox\" name=\"item_meta[50][]\" id=\"field_8xgtd2-7\" value=\"Social media\"  data-reqmsg=\"We need to know what you want to talk about to handle your request swiftly.\" aria-required=\"true\" data-invmsg=\"What would you like to discuss? is invalid\" aria-invalid=\"false\"   \/> Media spo\u0142eczno\u015bciowe<\/label><\/div>\n\t\t<div class=\"frm_checkbox\" id=\"frm_checkbox_50-8\"><label for=\"field_8xgtd2-8\"><input type=\"checkbox\" name=\"item_meta[50][]\" id=\"field_8xgtd2-8\" value=\"Strategy\"  data-reqmsg=\"We need to know what you want to talk about to handle your request swiftly.\" aria-required=\"true\" data-invmsg=\"What would you like to discuss? is invalid\" aria-invalid=\"false\"   \/> Strategia<\/label><\/div>\n\t\t<div class=\"frm_checkbox\" id=\"frm_checkbox_50-9\"><label for=\"field_8xgtd2-9\"><input type=\"checkbox\" name=\"item_meta[50][]\" id=\"field_8xgtd2-9\" value=\"Video production\"  data-reqmsg=\"We need to know what you want to talk about to handle your request swiftly.\" aria-required=\"true\" data-invmsg=\"What would you like to discuss? is invalid\" aria-invalid=\"false\"   \/> Produkcja film\u00f3w<\/label><\/div>\n\t\t<div class=\"frm_checkbox\" id=\"frm_checkbox_50-10\"><label for=\"field_8xgtd2-10\"><input type=\"checkbox\" name=\"item_meta[50][]\" id=\"field_8xgtd2-10\" value=\"Websites &amp; applications\"  data-reqmsg=\"We need to know what you want to talk about to handle your request swiftly.\" aria-required=\"true\" data-invmsg=\"What would you like to discuss? is invalid\" aria-invalid=\"false\"   \/> Strony i aplikacje internetowe<\/label><\/div>\n\t\t<div class=\"frm_checkbox\" id=\"frm_checkbox_50-3\"><label for=\"field_8xgtd2-3\"><input type=\"checkbox\" name=\"item_meta[50][]\" id=\"field_8xgtd2-3\" value=\"Other topics\"  data-reqmsg=\"We need to know what you want to talk about to handle your request swiftly.\" aria-required=\"true\" data-invmsg=\"What would you like to discuss? is invalid\" aria-invalid=\"false\"   \/> Inny temat<\/label><\/div>\n<\/div>\r\n    \r\n    \r\n<\/div>\n<div id=\"frm_field_51_container\" class=\"frm_form_field form-field  frm_top_container frm_full\">\r\n    <label for=\"field_9jv0r14\" id=\"field_9jv0r14_label\" class=\"frm_primary_label\">Wpisz swoj\u0105 wiadomo\u015b\u0107 lub zapytanie poni\u017cej\r\n        <span class=\"frm_required\" aria-hidden=\"true\"><\/span>\r\n    <\/label>\r\n    <textarea name=\"item_meta[51]\" id=\"field_9jv0r14\" rows=\"5\"  data-invmsg=\"Write your message is invalid\" aria-invalid=\"false\"  ><\/textarea>\r\n    \r\n    \r\n<\/div>\n\t<input type=\"hidden\" name=\"item_key\" value=\"\" \/>\n\t\t\t\t<div class=\"frm_verify\" aria-hidden=\"true\">\n\t\t\t\t<label for=\"frm_email_10\">\n\t\t\t\t\tIf you are human, leave this field blank.\t\t\t\t<\/label>\n\t\t\t\t<input type=\"text\" class=\"frm_verify\" id=\"frm_email_10\" name=\"frm_verify\" value=\"\"  \/>\n\t\t\t<\/div>\n\t\t<div class=\"frm_submit\">\r\n\r\n<button class=\"frm_button_submit\" type=\"submit\"  >Wy\u015blij<\/button>\r\n\r\n<\/div><\/div>\n<\/fieldset>\n<\/div>\n<input type=\"hidden\" name=\"trp-form-language\" value=\"pl\"\/><\/form>\n<\/div>\n<\/div>\n\t\t\t\t<\/div>\n\t\t\t\t<\/div>\n\t\t\t\t\t\t<\/div>\n\t\t\t\t\t<\/div>\n\t\t<\/div>\n\t\t\t\t\t\t\t\t<\/div>\n\t\t\t\t\t<\/div>\n\t\t<\/section>\n\t\t\t\t\t\t\t\t\t<\/div>\n\t\t\t<\/div>\n\t\t\t\t\t<\/div>","protected":false},"excerpt":{"rendered":"<p>Let&#8217;s get in touch We&#8217;ll be glad to answer all your questions. +48 691 382 146 contact@stoton.eu Office 22 Piekary St. apt. 3, 61-823 Pozna\u0144, Poland Request a quote or send a question We typically answer within 30 minutes.<\/p>","protected":false},"author":1,"featured_media":0,"parent":0,"menu_order":6,"comment_status":"closed","ping_status":"closed","template":"","meta":[],"acf":[],"_links":{"self":[{"href":"https:\/\/stoton.eu\/app\/pl\/wp-json\/wp\/v2\/pages\/1173"}],"collection":[{"href":"https:\/\/stoton.eu\/app\/pl\/wp-json\/wp\/v2\/pages"}],"about":[{"href":"https:\/\/stoton.eu\/app\/pl\/wp-json\/wp\/v2\/types\/page"}],"author":[{"embeddable":true,"href":"https:\/\/stoton.eu\/app\/pl\/wp-json\/wp\/v2\/users\/1"}],"replies":[{"embeddable":true,"href":"https:\/\/stoton.eu\/app\/pl\/wp-json\/wp\/v2\/comments?post=1173"}],"version-history":[{"count":5,"href":"https:\/\/stoton.eu\/app\/pl\/wp-json\/wp\/v2\/pages\/1173\/revisions"}],"predecessor-version":[{"id":1406,"href":"https:\/\/stoton.eu\/app\/pl\/wp-json\/wp\/v2\/pages\/1173\/revisions\/1406"}],"wp:attachment":[{"href":"https:\/\/stoton.eu\/app\/pl\/wp-json\/wp\/v2\/media?parent=1173"}],"curies":[{"name":"wp","href":"https:\/\/api.w.org\/{rel}","templated":true}]}}